{"id":309,"date":"2017-11-22T12:07:41","date_gmt":"2017-11-22T11:07:41","guid":{"rendered":"http:\/\/terrae-jardins.com\/?page_id=309"},"modified":"2019-08-27T11:23:38","modified_gmt":"2019-08-27T09:23:38","slug":"engagements","status":"publish","type":"page","link":"https:\/\/www.terrae-jardins.com\/index.php\/engagements\/","title":{"rendered":"Engagements"},"content":{"rendered":"\t\t<div data-elementor-type=\"wp-post\" data-elementor-id=\"309\" class=\"elementor elementor-309 elementor-bc-flex-widget\">\n\t\t\t\t\t\t<section class=\"elementor-section elementor-top-section elementor-element elementor-element-06d0deb elementor-section-boxed elementor-section-height-default elementor-section-height-default\" data-id=\"06d0deb\" data-element_type=\"section\" data-e-type=\"section\">\n\t\t\t\t\t\t<div class=\"elementor-container elementor-column-gap-default\">\n\t\t\t\t\t<div class=\"elementor-column elementor-col-100 elementor-top-column elementor-element elementor-element-dfa62b4\" data-id=\"dfa62b4\" data-element_type=\"column\" data-e-type=\"column\">\n\t\t\t<div class=\"elementor-widget-wrap elementor-element-populated\">\n\t\t\t\t\t\t<div class=\"elementor-element elementor-element-ba02616 elementor-widget elementor-widget-text-editor\" data-id=\"ba02616\" data-element_type=\"widget\" data-e-type=\"widget\" data-widget_type=\"text-editor.default\">\n\t\t\t\t<div class=\"elementor-widget-container\">\n\t\t\t\t\t\t\t\t\t<p><strong>Nous souhaitons nous ancrer dans la mouvance \u00e9cologique de notre \u00e9poque et opter pour des pratiques respectueuses et adapt\u00e9es \u00e0 notre environnement.<\/strong><\/p>\t\t\t\t\t\t\t\t<\/div>\n\t\t\t\t<\/div>\n\t\t\t\t<div class=\"elementor-element elementor-element-940b8e5 elementor-widget elementor-widget-spacer\" data-id=\"940b8e5\" data-element_type=\"widget\" data-e-type=\"widget\" data-widget_type=\"spacer.default\">\n\t\t\t\t<div class=\"elementor-widget-container\">\n\t\t\t\t\t\t\t<div class=\"elementor-spacer\">\n\t\t\t<div class=\"elementor-spacer-inner\"><\/div>\n\t\t<\/div>\n\t\t\t\t\t\t<\/div>\n\t\t\t\t<\/div>\n\t\t\t\t\t<\/div>\n\t\t<\/div>\n\t\t\t\t\t<\/div>\n\t\t<\/section>\n\t\t\t\t<section class=\"elementor-section elementor-top-section elementor-element elementor-element-ef27e6c elementor-section-boxed elementor-section-height-default elementor-section-height-default\" data-id=\"ef27e6c\" data-element_type=\"section\" data-e-type=\"section\">\n\t\t\t\t\t\t<div class=\"elementor-container elementor-column-gap-wider\">\n\t\t\t\t\t<div class=\"elementor-column elementor-col-33 elementor-top-column elementor-element elementor-element-4a0fc35\" data-id=\"4a0fc35\" data-element_type=\"column\" data-e-type=\"column\">\n\t\t\t<div class=\"elementor-widget-wrap elementor-element-populated\">\n\t\t\t\t\t\t<div class=\"elementor-element elementor-element-28e5f10 elementor-widget elementor-widget-image\" data-id=\"28e5f10\" data-element_type=\"widget\" data-e-type=\"widget\" data-widget_type=\"image.default\">\n\t\t\t\t<div class=\"elementor-widget-container\">\n\t\t\t\t\t\t\t\t\t\t\t\t\t\t\t<img fetchpriority=\"high\" decoding=\"async\" width=\"333\" height=\"333\" src=\"https:\/\/www.terrae-jardins.com\/wp-content\/uploads\/2017\/11\/Picto_Engagement-09.png\" class=\"attachment-large size-large wp-image-310\" alt=\"\" srcset=\"https:\/\/www.terrae-jardins.com\/wp-content\/uploads\/2017\/11\/Picto_Engagement-09.png 333w, https:\/\/www.terrae-jardins.com\/wp-content\/uploads\/2017\/11\/Picto_Engagement-09-150x150.png 150w, https:\/\/www.terrae-jardins.com\/wp-content\/uploads\/2017\/11\/Picto_Engagement-09-300x300.png 300w\" sizes=\"(max-width: 333px) 100vw, 333px\" \/>\t\t\t\t\t\t\t\t\t\t\t\t\t\t\t<\/div>\n\t\t\t\t<\/div>\n\t\t\t\t<div class=\"elementor-element elementor-element-8347d31 elementor-widget elementor-widget-spacer\" data-id=\"8347d31\" data-element_type=\"widget\" data-e-type=\"widget\" data-widget_type=\"spacer.default\">\n\t\t\t\t<div class=\"elementor-widget-container\">\n\t\t\t\t\t\t\t<div class=\"elementor-spacer\">\n\t\t\t<div class=\"elementor-spacer-inner\"><\/div>\n\t\t<\/div>\n\t\t\t\t\t\t<\/div>\n\t\t\t\t<\/div>\n\t\t\t\t<div class=\"elementor-element elementor-element-653dbb8 elementor-widget elementor-widget-text-editor\" data-id=\"653dbb8\" data-element_type=\"widget\" data-e-type=\"widget\" data-widget_type=\"text-editor.default\">\n\t\t\t\t<div class=\"elementor-widget-container\">\n\t\t\t\t\t\t\t\t\t<p>L&rsquo;entretien<\/p>\t\t\t\t\t\t\t\t<\/div>\n\t\t\t\t<\/div>\n\t\t\t\t<div class=\"elementor-element elementor-element-339fd65 elementor-widget-divider--view-line elementor-widget elementor-widget-divider\" data-id=\"339fd65\" data-element_type=\"widget\" data-e-type=\"widget\" data-widget_type=\"divider.default\">\n\t\t\t\t<div class=\"elementor-widget-container\">\n\t\t\t\t\t\t\t<div class=\"elementor-divider\">\n\t\t\t<span class=\"elementor-divider-separator\">\n\t\t\t\t\t\t<\/span>\n\t\t<\/div>\n\t\t\t\t\t\t<\/div>\n\t\t\t\t<\/div>\n\t\t\t\t<div class=\"elementor-element elementor-element-dc3b03f elementor-widget elementor-widget-text-editor\" data-id=\"dc3b03f\" data-element_type=\"widget\" data-e-type=\"widget\" data-widget_type=\"text-editor.default\">\n\t\t\t\t<div class=\"elementor-widget-container\">\n\t\t\t\t\t\t\t\t\t<ul><li><span style=\"font-size: 10pt;\">Utilisation de mat\u00e9riel \u00e0 batterie, plus silencieux et sans \u00e9missions de gaz<\/span><\/li><\/ul>\t\t\t\t\t\t\t\t<\/div>\n\t\t\t\t<\/div>\n\t\t\t\t<div class=\"elementor-element elementor-element-47528d2 elementor-widget elementor-widget-text-editor\" data-id=\"47528d2\" data-element_type=\"widget\" data-e-type=\"widget\" data-widget_type=\"text-editor.default\">\n\t\t\t\t<div class=\"elementor-widget-container\">\n\t\t\t\t\t\t\t\t\t<ul><li><span style=\"font-size: 10pt;\">Priorisation des traitements biologiques<\/span><\/li><\/ul>\t\t\t\t\t\t\t\t<\/div>\n\t\t\t\t<\/div>\n\t\t\t\t<div class=\"elementor-element elementor-element-7a8ea84 elementor-widget elementor-widget-text-editor\" data-id=\"7a8ea84\" data-element_type=\"widget\" data-e-type=\"widget\" data-widget_type=\"text-editor.default\">\n\t\t\t\t<div class=\"elementor-widget-container\">\n\t\t\t\t\t\t\t\t\t<ul><li><span style=\"font-size: 10pt;\">Les produits phytosanitaires ne sont utilis\u00e9s qu\u2019en dernier recours<\/span><\/li><\/ul>\t\t\t\t\t\t\t\t<\/div>\n\t\t\t\t<\/div>\n\t\t\t\t\t<\/div>\n\t\t<\/div>\n\t\t\t\t<div class=\"elementor-column elementor-col-33 elementor-top-column elementor-element elementor-element-01621c9\" data-id=\"01621c9\" data-element_type=\"column\" data-e-type=\"column\">\n\t\t\t<div class=\"elementor-widget-wrap elementor-element-populated\">\n\t\t\t\t\t\t<div class=\"elementor-element elementor-element-be31cd0 elementor-widget elementor-widget-image\" data-id=\"be31cd0\" data-element_type=\"widget\" data-e-type=\"widget\" data-widget_type=\"image.default\">\n\t\t\t\t<div class=\"elementor-widget-container\">\n\t\t\t\t\t\t\t\t\t\t\t\t\t\t\t<img decoding=\"async\" width=\"333\" height=\"333\" src=\"https:\/\/www.terrae-jardins.com\/wp-content\/uploads\/2017\/11\/Picto_Engagement-10.png\" class=\"attachment-large size-large wp-image-311\" alt=\"\" srcset=\"https:\/\/www.terrae-jardins.com\/wp-content\/uploads\/2017\/11\/Picto_Engagement-10.png 333w, https:\/\/www.terrae-jardins.com\/wp-content\/uploads\/2017\/11\/Picto_Engagement-10-150x150.png 150w, https:\/\/www.terrae-jardins.com\/wp-content\/uploads\/2017\/11\/Picto_Engagement-10-300x300.png 300w\" sizes=\"(max-width: 333px) 100vw, 333px\" \/>\t\t\t\t\t\t\t\t\t\t\t\t\t\t\t<\/div>\n\t\t\t\t<\/div>\n\t\t\t\t<div class=\"elementor-element elementor-element-89eb1b1 elementor-widget elementor-widget-spacer\" data-id=\"89eb1b1\" data-element_type=\"widget\" data-e-type=\"widget\" data-widget_type=\"spacer.default\">\n\t\t\t\t<div class=\"elementor-widget-container\">\n\t\t\t\t\t\t\t<div class=\"elementor-spacer\">\n\t\t\t<div class=\"elementor-spacer-inner\"><\/div>\n\t\t<\/div>\n\t\t\t\t\t\t<\/div>\n\t\t\t\t<\/div>\n\t\t\t\t<div class=\"elementor-element elementor-element-65f0186 elementor-widget elementor-widget-text-editor\" data-id=\"65f0186\" data-element_type=\"widget\" data-e-type=\"widget\" data-widget_type=\"text-editor.default\">\n\t\t\t\t<div class=\"elementor-widget-container\">\n\t\t\t\t\t\t\t\t\t<p>La conception<\/p>\t\t\t\t\t\t\t\t<\/div>\n\t\t\t\t<\/div>\n\t\t\t\t<div class=\"elementor-element elementor-element-cb3a1ce elementor-widget-divider--view-line elementor-widget elementor-widget-divider\" data-id=\"cb3a1ce\" data-element_type=\"widget\" data-e-type=\"widget\" data-widget_type=\"divider.default\">\n\t\t\t\t<div class=\"elementor-widget-container\">\n\t\t\t\t\t\t\t<div class=\"elementor-divider\">\n\t\t\t<span class=\"elementor-divider-separator\">\n\t\t\t\t\t\t<\/span>\n\t\t<\/div>\n\t\t\t\t\t\t<\/div>\n\t\t\t\t<\/div>\n\t\t\t\t<div class=\"elementor-element elementor-element-db0cac6 elementor-widget elementor-widget-text-editor\" data-id=\"db0cac6\" data-element_type=\"widget\" data-e-type=\"widget\" data-widget_type=\"text-editor.default\">\n\t\t\t\t<div class=\"elementor-widget-container\">\n\t\t\t\t\t\t\t\t\t<ul><li><span style=\"font-size: 10pt;\">Utilisation de v\u00e9g\u00e9taux adapt\u00e9s aux conditions climatiques de la r\u00e9gion<\/span><\/li><\/ul>\t\t\t\t\t\t\t\t<\/div>\n\t\t\t\t<\/div>\n\t\t\t\t<div class=\"elementor-element elementor-element-b6cbf7d elementor-widget elementor-widget-text-editor\" data-id=\"b6cbf7d\" data-element_type=\"widget\" data-e-type=\"widget\" data-widget_type=\"text-editor.default\">\n\t\t\t\t<div class=\"elementor-widget-container\">\n\t\t\t\t\t\t\t\t\t<ul><li><span style=\"font-size: 10pt;\">Gestion de l\u2019eau sur le site<\/span><\/li><\/ul>\t\t\t\t\t\t\t\t<\/div>\n\t\t\t\t<\/div>\n\t\t\t\t<div class=\"elementor-element elementor-element-18d5c92 elementor-widget elementor-widget-text-editor\" data-id=\"18d5c92\" data-element_type=\"widget\" data-e-type=\"widget\" data-widget_type=\"text-editor.default\">\n\t\t\t\t<div class=\"elementor-widget-container\">\n\t\t\t\t\t\t\t\t\t<ul><li><span style=\"font-size: 10pt;\">Mise en place de paillis v\u00e9g\u00e9tal<\/span><\/li><\/ul>\t\t\t\t\t\t\t\t<\/div>\n\t\t\t\t<\/div>\n\t\t\t\t<div class=\"elementor-element elementor-element-635ea34 elementor-widget elementor-widget-text-editor\" data-id=\"635ea34\" data-element_type=\"widget\" data-e-type=\"widget\" data-widget_type=\"text-editor.default\">\n\t\t\t\t<div class=\"elementor-widget-container\">\n\t\t\t\t\t\t\t\t\t<ul><li><span style=\"font-size: 10pt;\">Recyclage, upcycling<\/span><\/li><\/ul>\t\t\t\t\t\t\t\t<\/div>\n\t\t\t\t<\/div>\n\t\t\t\t\t<\/div>\n\t\t<\/div>\n\t\t\t\t<div class=\"elementor-column elementor-col-33 elementor-top-column elementor-element elementor-element-219cfe3\" data-id=\"219cfe3\" data-element_type=\"column\" data-e-type=\"column\">\n\t\t\t<div class=\"elementor-widget-wrap elementor-element-populated\">\n\t\t\t\t\t\t<div class=\"elementor-element elementor-element-b6f3730 elementor-widget elementor-widget-image\" data-id=\"b6f3730\" data-element_type=\"widget\" data-e-type=\"widget\" data-widget_type=\"image.default\">\n\t\t\t\t<div class=\"elementor-widget-container\">\n\t\t\t\t\t\t\t\t\t\t\t\t\t\t\t<img decoding=\"async\" width=\"333\" height=\"333\" src=\"https:\/\/www.terrae-jardins.com\/wp-content\/uploads\/2017\/11\/Picto_Engagement-11.png\" class=\"attachment-large size-large wp-image-312\" alt=\"\" srcset=\"https:\/\/www.terrae-jardins.com\/wp-content\/uploads\/2017\/11\/Picto_Engagement-11.png 333w, https:\/\/www.terrae-jardins.com\/wp-content\/uploads\/2017\/11\/Picto_Engagement-11-150x150.png 150w, https:\/\/www.terrae-jardins.com\/wp-content\/uploads\/2017\/11\/Picto_Engagement-11-300x300.png 300w\" sizes=\"(max-width: 333px) 100vw, 333px\" \/>\t\t\t\t\t\t\t\t\t\t\t\t\t\t\t<\/div>\n\t\t\t\t<\/div>\n\t\t\t\t<div class=\"elementor-element elementor-element-4a9a0ea elementor-widget elementor-widget-spacer\" data-id=\"4a9a0ea\" data-element_type=\"widget\" data-e-type=\"widget\" data-widget_type=\"spacer.default\">\n\t\t\t\t<div class=\"elementor-widget-container\">\n\t\t\t\t\t\t\t<div class=\"elementor-spacer\">\n\t\t\t<div class=\"elementor-spacer-inner\"><\/div>\n\t\t<\/div>\n\t\t\t\t\t\t<\/div>\n\t\t\t\t<\/div>\n\t\t\t\t<div class=\"elementor-element elementor-element-c7365df elementor-widget elementor-widget-text-editor\" data-id=\"c7365df\" data-element_type=\"widget\" data-e-type=\"widget\" data-widget_type=\"text-editor.default\">\n\t\t\t\t<div class=\"elementor-widget-container\">\n\t\t\t\t\t\t\t\t\t<p>L&rsquo;entreprise<\/p>\t\t\t\t\t\t\t\t<\/div>\n\t\t\t\t<\/div>\n\t\t\t\t<div class=\"elementor-element elementor-element-bafe517 elementor-widget-divider--view-line elementor-widget elementor-widget-divider\" data-id=\"bafe517\" data-element_type=\"widget\" data-e-type=\"widget\" data-widget_type=\"divider.default\">\n\t\t\t\t<div class=\"elementor-widget-container\">\n\t\t\t\t\t\t\t<div class=\"elementor-divider\">\n\t\t\t<span class=\"elementor-divider-separator\">\n\t\t\t\t\t\t<\/span>\n\t\t<\/div>\n\t\t\t\t\t\t<\/div>\n\t\t\t\t<\/div>\n\t\t\t\t<div class=\"elementor-element elementor-element-8ce3ff1 elementor-widget elementor-widget-text-editor\" data-id=\"8ce3ff1\" data-element_type=\"widget\" data-e-type=\"widget\" data-widget_type=\"text-editor.default\">\n\t\t\t\t<div class=\"elementor-widget-container\">\n\t\t\t\t\t\t\t\t\t<ul><li><span style=\"font-size: 10pt;\">Tri des d\u00e9chets<\/span><\/li><\/ul>\t\t\t\t\t\t\t\t<\/div>\n\t\t\t\t<\/div>\n\t\t\t\t<div class=\"elementor-element elementor-element-202a154 elementor-widget elementor-widget-text-editor\" data-id=\"202a154\" data-element_type=\"widget\" data-e-type=\"widget\" data-widget_type=\"text-editor.default\">\n\t\t\t\t<div class=\"elementor-widget-container\">\n\t\t\t\t\t\t\t\t\t<ul><li><span style=\"font-size: 10pt;\">Travail avec des partenaires locaux<\/span><\/li><\/ul>\t\t\t\t\t\t\t\t<\/div>\n\t\t\t\t<\/div>\n\t\t\t\t\t<\/div>\n\t\t<\/div>\n\t\t\t\t\t<\/div>\n\t\t<\/section>\n\t\t\t\t<\/div>\n\t\t","protected":false},"excerpt":{"rendered":"<p>Nous souhaitons nous ancrer dans la mouvance \u00e9cologique de notre \u00e9poque et opter pour des pratiques respectueuses et adapt\u00e9es \u00e0 notre environnement. L&rsquo;entretien Utilisation de mat\u00e9riel \u00e0 batterie, plus silencieux et sans \u00e9missions de gaz Priorisation des traitements biologiques Les produits phytosanitaires ne sont utilis\u00e9s qu\u2019en dernier recours La conception Utilisation de v\u00e9g\u00e9taux adapt\u00e9s aux&hellip; <a class=\"more-link\" href=\"https:\/\/www.terrae-jardins.com\/index.php\/engagements\/\">Read More <span class=\"screen-reader-text\">Engagements<\/span><\/a><\/p>\n","protected":false},"author":3,"featured_media":0,"parent":0,"menu_order":0,"comment_status":"closed","ping_status":"closed","template":"","meta":{"footnotes":""},"class_list":["post-309","page","type-page","status-publish","hentry"],"yoast_head":"<!-- This site is optimized with the Yoast SEO plugin v27.4 - https:\/\/yoast.com\/product\/yoast-seo-wordpress\/ -->\n<title>Terrae : Engagements<\/title>\n<meta name=\"description\" content=\"Nous travaillons dans le respect de la nature et des r\u00e8gles de l&#039;art, afin d&#039;obtenir le meilleur r\u00e9sultat pour votre jardin\" \/>\n<meta name=\"robots\" content=\"index, follow, max-snippet:-1, max-image-preview:large, max-video-preview:-1\" \/>\n<link rel=\"canonical\" href=\"https:\/\/www.terrae-jardins.com\/index.php\/engagements\/\" \/>\n<meta property=\"og:locale\" content=\"fr_FR\" \/>\n<meta property=\"og:type\" content=\"article\" \/>\n<meta property=\"og:title\" content=\"Terrae : Engagements\" \/>\n<meta property=\"og:description\" content=\"Nous travaillons dans le respect de la nature et des r\u00e8gles de l&#039;art, afin d&#039;obtenir le meilleur r\u00e9sultat pour votre jardin\" \/>\n<meta property=\"og:url\" content=\"https:\/\/www.terrae-jardins.com\/index.php\/engagements\/\" \/>\n<meta property=\"article:modified_time\" content=\"2019-08-27T09:23:38+00:00\" \/>\n<meta property=\"og:image\" content=\"http:\/\/terrae-jardins.com\/wp-content\/uploads\/2017\/11\/Picto_Engagement-09.png\" \/>\n<meta name=\"twitter:card\" content=\"summary_large_image\" \/>\n<script type=\"application\/ld+json\" class=\"yoast-schema-graph\">{\"@context\":\"https:\\\/\\\/schema.org\",\"@graph\":[{\"@type\":\"WebPage\",\"@id\":\"https:\\\/\\\/www.terrae-jardins.com\\\/index.php\\\/engagements\\\/\",\"url\":\"https:\\\/\\\/www.terrae-jardins.com\\\/index.php\\\/engagements\\\/\",\"name\":\"Terrae : Engagements\",\"isPartOf\":{\"@id\":\"https:\\\/\\\/www.terrae-jardins.com\\\/#website\"},\"primaryImageOfPage\":{\"@id\":\"https:\\\/\\\/www.terrae-jardins.com\\\/index.php\\\/engagements\\\/#primaryimage\"},\"image\":{\"@id\":\"https:\\\/\\\/www.terrae-jardins.com\\\/index.php\\\/engagements\\\/#primaryimage\"},\"thumbnailUrl\":\"http:\\\/\\\/terrae-jardins.com\\\/wp-content\\\/uploads\\\/2017\\\/11\\\/Picto_Engagement-09.png\",\"datePublished\":\"2017-11-22T11:07:41+00:00\",\"dateModified\":\"2019-08-27T09:23:38+00:00\",\"description\":\"Nous travaillons dans le respect de la nature et des r\u00e8gles de l'art, afin d'obtenir le meilleur r\u00e9sultat pour votre jardin\",\"breadcrumb\":{\"@id\":\"https:\\\/\\\/www.terrae-jardins.com\\\/index.php\\\/engagements\\\/#breadcrumb\"},\"inLanguage\":\"fr-FR\",\"potentialAction\":[{\"@type\":\"ReadAction\",\"target\":[\"https:\\\/\\\/www.terrae-jardins.com\\\/index.php\\\/engagements\\\/\"]}]},{\"@type\":\"ImageObject\",\"inLanguage\":\"fr-FR\",\"@id\":\"https:\\\/\\\/www.terrae-jardins.com\\\/index.php\\\/engagements\\\/#primaryimage\",\"url\":\"http:\\\/\\\/terrae-jardins.com\\\/wp-content\\\/uploads\\\/2017\\\/11\\\/Picto_Engagement-09.png\",\"contentUrl\":\"http:\\\/\\\/terrae-jardins.com\\\/wp-content\\\/uploads\\\/2017\\\/11\\\/Picto_Engagement-09.png\"},{\"@type\":\"BreadcrumbList\",\"@id\":\"https:\\\/\\\/www.terrae-jardins.com\\\/index.php\\\/engagements\\\/#breadcrumb\",\"itemListElement\":[{\"@type\":\"ListItem\",\"position\":1,\"name\":\"Accueil\",\"item\":\"https:\\\/\\\/www.terrae-jardins.com\\\/\"},{\"@type\":\"ListItem\",\"position\":2,\"name\":\"Engagements\"}]},{\"@type\":\"WebSite\",\"@id\":\"https:\\\/\\\/www.terrae-jardins.com\\\/#website\",\"url\":\"https:\\\/\\\/www.terrae-jardins.com\\\/\",\"name\":\"Terrae\",\"description\":\"Cr\u00e9ation et entretien de jardins\",\"publisher\":{\"@id\":\"https:\\\/\\\/www.terrae-jardins.com\\\/#organization\"},\"potentialAction\":[{\"@type\":\"SearchAction\",\"target\":{\"@type\":\"EntryPoint\",\"urlTemplate\":\"https:\\\/\\\/www.terrae-jardins.com\\\/?s={search_term_string}\"},\"query-input\":{\"@type\":\"PropertyValueSpecification\",\"valueRequired\":true,\"valueName\":\"search_term_string\"}}],\"inLanguage\":\"fr-FR\"},{\"@type\":\"Organization\",\"@id\":\"https:\\\/\\\/www.terrae-jardins.com\\\/#organization\",\"name\":\"Terrae\",\"url\":\"https:\\\/\\\/www.terrae-jardins.com\\\/\",\"logo\":{\"@type\":\"ImageObject\",\"inLanguage\":\"fr-FR\",\"@id\":\"https:\\\/\\\/www.terrae-jardins.com\\\/#\\\/schema\\\/logo\\\/image\\\/\",\"url\":\"https:\\\/\\\/www.terrae-jardins.com\\\/wp-content\\\/uploads\\\/2017\\\/08\\\/terrae.png\",\"contentUrl\":\"https:\\\/\\\/www.terrae-jardins.com\\\/wp-content\\\/uploads\\\/2017\\\/08\\\/terrae.png\",\"width\":189,\"height\":192,\"caption\":\"Terrae\"},\"image\":{\"@id\":\"https:\\\/\\\/www.terrae-jardins.com\\\/#\\\/schema\\\/logo\\\/image\\\/\"}}]}<\/script>\n<!-- \/ Yoast SEO plugin. -->","yoast_head_json":{"title":"Terrae : Engagements","description":"Nous travaillons dans le respect de la nature et des r\u00e8gles de l'art, afin d'obtenir le meilleur r\u00e9sultat pour votre jardin","robots":{"index":"index","follow":"follow","max-snippet":"max-snippet:-1","max-image-preview":"max-image-preview:large","max-video-preview":"max-video-preview:-1"},"canonical":"https:\/\/www.terrae-jardins.com\/index.php\/engagements\/","og_locale":"fr_FR","og_type":"article","og_title":"Terrae : Engagements","og_description":"Nous travaillons dans le respect de la nature et des r\u00e8gles de l'art, afin d'obtenir le meilleur r\u00e9sultat pour votre jardin","og_url":"https:\/\/www.terrae-jardins.com\/index.php\/engagements\/","article_modified_time":"2019-08-27T09:23:38+00:00","og_image":[{"url":"http:\/\/terrae-jardins.com\/wp-content\/uploads\/2017\/11\/Picto_Engagement-09.png","type":"","width":"","height":""}],"twitter_card":"summary_large_image","schema":{"@context":"https:\/\/schema.org","@graph":[{"@type":"WebPage","@id":"https:\/\/www.terrae-jardins.com\/index.php\/engagements\/","url":"https:\/\/www.terrae-jardins.com\/index.php\/engagements\/","name":"Terrae : Engagements","isPartOf":{"@id":"https:\/\/www.terrae-jardins.com\/#website"},"primaryImageOfPage":{"@id":"https:\/\/www.terrae-jardins.com\/index.php\/engagements\/#primaryimage"},"image":{"@id":"https:\/\/www.terrae-jardins.com\/index.php\/engagements\/#primaryimage"},"thumbnailUrl":"http:\/\/terrae-jardins.com\/wp-content\/uploads\/2017\/11\/Picto_Engagement-09.png","datePublished":"2017-11-22T11:07:41+00:00","dateModified":"2019-08-27T09:23:38+00:00","description":"Nous travaillons dans le respect de la nature et des r\u00e8gles de l'art, afin d'obtenir le meilleur r\u00e9sultat pour votre jardin","breadcrumb":{"@id":"https:\/\/www.terrae-jardins.com\/index.php\/engagements\/#breadcrumb"},"inLanguage":"fr-FR","potentialAction":[{"@type":"ReadAction","target":["https:\/\/www.terrae-jardins.com\/index.php\/engagements\/"]}]},{"@type":"ImageObject","inLanguage":"fr-FR","@id":"https:\/\/www.terrae-jardins.com\/index.php\/engagements\/#primaryimage","url":"http:\/\/terrae-jardins.com\/wp-content\/uploads\/2017\/11\/Picto_Engagement-09.png","contentUrl":"http:\/\/terrae-jardins.com\/wp-content\/uploads\/2017\/11\/Picto_Engagement-09.png"},{"@type":"BreadcrumbList","@id":"https:\/\/www.terrae-jardins.com\/index.php\/engagements\/#breadcrumb","itemListElement":[{"@type":"ListItem","position":1,"name":"Accueil","item":"https:\/\/www.terrae-jardins.com\/"},{"@type":"ListItem","position":2,"name":"Engagements"}]},{"@type":"WebSite","@id":"https:\/\/www.terrae-jardins.com\/#website","url":"https:\/\/www.terrae-jardins.com\/","name":"Terrae","description":"Cr\u00e9ation et entretien de jardins","publisher":{"@id":"https:\/\/www.terrae-jardins.com\/#organization"},"potentialAction":[{"@type":"SearchAction","target":{"@type":"EntryPoint","urlTemplate":"https:\/\/www.terrae-jardins.com\/?s={search_term_string}"},"query-input":{"@type":"PropertyValueSpecification","valueRequired":true,"valueName":"search_term_string"}}],"inLanguage":"fr-FR"},{"@type":"Organization","@id":"https:\/\/www.terrae-jardins.com\/#organization","name":"Terrae","url":"https:\/\/www.terrae-jardins.com\/","logo":{"@type":"ImageObject","inLanguage":"fr-FR","@id":"https:\/\/www.terrae-jardins.com\/#\/schema\/logo\/image\/","url":"https:\/\/www.terrae-jardins.com\/wp-content\/uploads\/2017\/08\/terrae.png","contentUrl":"https:\/\/www.terrae-jardins.com\/wp-content\/uploads\/2017\/08\/terrae.png","width":189,"height":192,"caption":"Terrae"},"image":{"@id":"https:\/\/www.terrae-jardins.com\/#\/schema\/logo\/image\/"}}]}},"_links":{"self":[{"href":"https:\/\/www.terrae-jardins.com\/index.php\/wp-json\/wp\/v2\/pages\/309","targetHints":{"allow":["GET"]}}],"collection":[{"href":"https:\/\/www.terrae-jardins.com\/index.php\/wp-json\/wp\/v2\/pages"}],"about":[{"href":"https:\/\/www.terrae-jardins.com\/index.php\/wp-json\/wp\/v2\/types\/page"}],"author":[{"embeddable":true,"href":"https:\/\/www.terrae-jardins.com\/index.php\/wp-json\/wp\/v2\/users\/3"}],"replies":[{"embeddable":true,"href":"https:\/\/www.terrae-jardins.com\/index.php\/wp-json\/wp\/v2\/comments?post=309"}],"version-history":[{"count":16,"href":"https:\/\/www.terrae-jardins.com\/index.php\/wp-json\/wp\/v2\/pages\/309\/revisions"}],"predecessor-version":[{"id":462,"href":"https:\/\/www.terrae-jardins.com\/index.php\/wp-json\/wp\/v2\/pages\/309\/revisions\/462"}],"wp:attachment":[{"href":"https:\/\/www.terrae-jardins.com\/index.php\/wp-json\/wp\/v2\/media?parent=309"}],"curies":[{"name":"wp","href":"https:\/\/api.w.org\/{rel}","templated":true}]}}