{"id":486,"date":"2019-08-31T11:04:24","date_gmt":"2019-08-31T09:04:24","guid":{"rendered":"https:\/\/www.terrae-jardins.com\/?page_id=486"},"modified":"2019-08-31T11:10:51","modified_gmt":"2019-08-31T09:10:51","slug":"partenaires","status":"publish","type":"page","link":"https:\/\/www.terrae-jardins.com\/index.php\/en\/partenaires\/","title":{"rendered":"Partenaires"},"content":{"rendered":"\t\t<div data-elementor-type=\"wp-post\" data-elementor-id=\"486\" class=\"elementor elementor-486\">\n\t\t\t\t\t\t<section class=\"elementor-section elementor-top-section elementor-element elementor-element-5ea21058 elementor-section-boxed elementor-section-height-default elementor-section-height-default\" data-id=\"5ea21058\" data-element_type=\"section\" data-e-type=\"section\">\n\t\t\t\t\t\t<div class=\"elementor-container elementor-column-gap-default\">\n\t\t\t\t\t<div class=\"elementor-column elementor-col-100 elementor-top-column elementor-element elementor-element-fd787c4\" data-id=\"fd787c4\" data-element_type=\"column\" data-e-type=\"column\">\n\t\t\t<div class=\"elementor-widget-wrap elementor-element-populated\">\n\t\t\t\t\t\t<div class=\"elementor-element elementor-element-4fe35f06 elementor-widget elementor-widget-text-editor\" data-id=\"4fe35f06\" data-element_type=\"widget\" data-e-type=\"widget\" data-widget_type=\"text-editor.default\">\n\t\t\t\t<div class=\"elementor-widget-container\">\n\t\t\t\t\t\t\t\t\t<p><img decoding=\"async\" class=\"alignleft\" src=\"https:\/\/www.terrae-jardins.com\/wp-content\/uploads\/Logo-fond-noir_PNG.png_1561363581_96184-e1567241212258-300x297.png\" alt=\"\" width=\"100\" height=\"99\" \/><\/p><p>\u00a0<\/p><p>\u00a0<\/p><p>Vincent Grunewald : Concepteur paysagiste<\/p><p>\u00a0<\/p><p>https:\/\/www.vincent-grunewald.fr\/<\/p><p>info@vincent-grunewald.fr<\/p><p>06 13 86 95 50<\/p><p>\u00a0<\/p>\t\t\t\t\t\t\t\t<\/div>\n\t\t\t\t<\/div>\n\t\t\t\t\t<\/div>\n\t\t<\/div>\n\t\t\t\t\t<\/div>\n\t\t<\/section>\n\t\t\t\t<section class=\"elementor-section elementor-top-section elementor-element elementor-element-0c6e281 elementor-section-boxed elementor-section-height-default elementor-section-height-default\" data-id=\"0c6e281\" data-element_type=\"section\" data-e-type=\"section\">\n\t\t\t\t\t\t<div class=\"elementor-container elementor-column-gap-default\">\n\t\t\t\t\t<div class=\"elementor-column elementor-col-100 elementor-top-column elementor-element elementor-element-419a205\" data-id=\"419a205\" data-element_type=\"column\" data-e-type=\"column\">\n\t\t\t<div class=\"elementor-widget-wrap elementor-element-populated\">\n\t\t\t\t\t\t<div class=\"elementor-element elementor-element-e0b2b71 elementor-widget elementor-widget-text-editor\" data-id=\"e0b2b71\" data-element_type=\"widget\" data-e-type=\"widget\" data-widget_type=\"text-editor.default\">\n\t\t\t\t<div class=\"elementor-widget-container\">\n\t\t\t\t\t\t\t\t\t<p><img decoding=\"async\" class=\"size-full wp-image-504 alignleft\" src=\"https:\/\/www.terrae-jardins.com\/wp-content\/uploads\/logorp.jpg\" alt=\"\" width=\"119\" height=\"119\" \/><\/p><p>\u00a0<\/p><p>\u00a0<\/p><p>RP Batiment : Ma\u00e7onnerie g\u00e9n\u00e9rale<\/p><p>\u00a0<\/p><p>\u00a0<\/p><p>www.rpbatiment.com<\/p><p>rpbatimentconstruction@gmail.com<\/p><p>04 90 37 19 68<\/p><h2 style=\"padding: 0px; color: #ffffff; font-family: Roboto, sans-serif; font-size: 24.7px; text-align: center; margin: 0px !important;\"><span style=\"font-size: 12px;\"><span style=\"color: #03579b;\"><span style=\"font-size: 20px;\">\u00a0<\/span><\/span><\/span><\/h2><div>\u00a0<\/div>\t\t\t\t\t\t\t\t<\/div>\n\t\t\t\t<\/div>\n\t\t\t\t\t<\/div>\n\t\t<\/div>\n\t\t\t\t\t<\/div>\n\t\t<\/section>\n\t\t\t\t<section class=\"elementor-section elementor-top-section elementor-element elementor-element-383190f elementor-section-boxed elementor-section-height-default elementor-section-height-default\" data-id=\"383190f\" data-element_type=\"section\" data-e-type=\"section\">\n\t\t\t\t\t\t<div class=\"elementor-container elementor-column-gap-default\">\n\t\t\t\t\t<div class=\"elementor-column elementor-col-100 elementor-top-column elementor-element elementor-element-13d96f9\" data-id=\"13d96f9\" data-element_type=\"column\" data-e-type=\"column\">\n\t\t\t<div class=\"elementor-widget-wrap elementor-element-populated\">\n\t\t\t\t\t\t<div class=\"elementor-element elementor-element-5860350 elementor-widget elementor-widget-text-editor\" data-id=\"5860350\" data-element_type=\"widget\" data-e-type=\"widget\" data-widget_type=\"text-editor.default\">\n\t\t\t\t<div class=\"elementor-widget-container\">\n\t\t\t\t\t\t\t\t\t<p><img decoding=\"async\" class=\"wp-image-505 alignleft\" src=\"https:\/\/www.terrae-jardins.com\/wp-content\/uploads\/logocosy-300x217.jpg\" alt=\"\" width=\"135\" height=\"98\" srcset=\"https:\/\/www.terrae-jardins.com\/wp-content\/uploads\/logocosy-300x217.jpg 300w, https:\/\/www.terrae-jardins.com\/wp-content\/uploads\/logocosy-414x300.jpg 414w, https:\/\/www.terrae-jardins.com\/wp-content\/uploads\/logocosy.jpg 482w\" sizes=\"(max-width: 135px) 100vw, 135px\" \/><\/p><p>\u00a0<\/p><p>\u00a0<\/p><p>Cosy bois : Charpentier<\/p><p>\u00a0<\/p><p>https:\/\/www.cosybois.com\/<\/p><p>cosybois@gmail.com<\/p><p><span class=\"LrzXr zdqRlf kno-fv\"><span data-dtype=\"d3ifr\" data-local-attribute=\"d3ph\">06 24 49 70 69<\/span><\/span><\/p>\t\t\t\t\t\t\t\t<\/div>\n\t\t\t\t<\/div>\n\t\t\t\t\t<\/div>\n\t\t<\/div>\n\t\t\t\t\t<\/div>\n\t\t<\/section>\n\t\t\t\t<\/div>\n\t\t","protected":false},"excerpt":{"rendered":"<p>\u00a0 \u00a0 Vincent Grunewald : Concepteur paysagiste \u00a0 https:\/\/www.vincent-grunewald.fr\/ info@vincent-grunewald.fr 06 13 86 95 50 \u00a0 \u00a0 \u00a0 RP Batiment : Ma\u00e7onnerie g\u00e9n\u00e9rale \u00a0 \u00a0 www.rpbatiment.com rpbatimentconstruction@gmail.com 04 90 37 19 68 \u00a0 \u00a0 \u00a0 \u00a0 Cosy bois : Charpentier \u00a0 https:\/\/www.cosybois.com\/ cosybois@gmail.com 06 24 49 70 69<\/p>\n","protected":false},"author":3,"featured_media":0,"parent":0,"menu_order":4,"comment_status":"closed","ping_status":"closed","template":"","meta":{"footnotes":""},"class_list":["post-486","page","type-page","status-publish","hentry"],"yoast_head":"<!-- This site is optimized with the Yoast SEO plugin v27.5 - https:\/\/yoast.com\/product\/yoast-seo-wordpress\/ -->\n<title>Partenaires -<\/title>\n<meta name=\"robots\" content=\"index, follow, max-snippet:-1, max-image-preview:large, max-video-preview:-1\" \/>\n<link rel=\"canonical\" href=\"https:\/\/www.terrae-jardins.com\/index.php\/en\/partenaires\/\" \/>\n<meta property=\"og:locale\" content=\"fr_FR\" \/>\n<meta property=\"og:type\" content=\"article\" \/>\n<meta property=\"og:title\" content=\"Partenaires -\" \/>\n<meta property=\"og:description\" content=\"\u00a0 \u00a0 Vincent Grunewald : Concepteur paysagiste \u00a0 https:\/\/www.vincent-grunewald.fr\/ info@vincent-grunewald.fr 06 13 86 95 50 \u00a0 \u00a0 \u00a0 RP Batiment : Ma\u00e7onnerie g\u00e9n\u00e9rale \u00a0 \u00a0 www.rpbatiment.com rpbatimentconstruction@gmail.com 04 90 37 19 68 \u00a0 \u00a0 \u00a0 \u00a0 Cosy bois : Charpentier \u00a0 https:\/\/www.cosybois.com\/ cosybois@gmail.com 06 24 49 70 69\" \/>\n<meta property=\"og:url\" content=\"https:\/\/www.terrae-jardins.com\/index.php\/en\/partenaires\/\" \/>\n<meta property=\"article:modified_time\" content=\"2019-08-31T09:10:51+00:00\" \/>\n<meta property=\"og:image\" content=\"https:\/\/www.terrae-jardins.com\/wp-content\/uploads\/Logo-fond-noir_PNG.png_1561363581_96184-e1567241212258-300x297.png\" \/>\n<meta name=\"twitter:card\" content=\"summary_large_image\" \/>\n<script type=\"application\/ld+json\" class=\"yoast-schema-graph\">{\"@context\":\"https:\\\/\\\/schema.org\",\"@graph\":[{\"@type\":\"WebPage\",\"@id\":\"https:\\\/\\\/www.terrae-jardins.com\\\/index.php\\\/en\\\/partenaires\\\/\",\"url\":\"https:\\\/\\\/www.terrae-jardins.com\\\/index.php\\\/en\\\/partenaires\\\/\",\"name\":\"Partenaires -\",\"isPartOf\":{\"@id\":\"https:\\\/\\\/www.terrae-jardins.com\\\/#website\"},\"primaryImageOfPage\":{\"@id\":\"https:\\\/\\\/www.terrae-jardins.com\\\/index.php\\\/en\\\/partenaires\\\/#primaryimage\"},\"image\":{\"@id\":\"https:\\\/\\\/www.terrae-jardins.com\\\/index.php\\\/en\\\/partenaires\\\/#primaryimage\"},\"thumbnailUrl\":\"https:\\\/\\\/www.terrae-jardins.com\\\/wp-content\\\/uploads\\\/Logo-fond-noir_PNG.png_1561363581_96184-e1567241212258-300x297.png\",\"datePublished\":\"2019-08-31T09:04:24+00:00\",\"dateModified\":\"2019-08-31T09:10:51+00:00\",\"breadcrumb\":{\"@id\":\"https:\\\/\\\/www.terrae-jardins.com\\\/index.php\\\/en\\\/partenaires\\\/#breadcrumb\"},\"inLanguage\":\"fr-FR\",\"potentialAction\":[{\"@type\":\"ReadAction\",\"target\":[\"https:\\\/\\\/www.terrae-jardins.com\\\/index.php\\\/en\\\/partenaires\\\/\"]}]},{\"@type\":\"ImageObject\",\"inLanguage\":\"fr-FR\",\"@id\":\"https:\\\/\\\/www.terrae-jardins.com\\\/index.php\\\/en\\\/partenaires\\\/#primaryimage\",\"url\":\"https:\\\/\\\/www.terrae-jardins.com\\\/wp-content\\\/uploads\\\/Logo-fond-noir_PNG.png_1561363581_96184-e1567241212258.png\",\"contentUrl\":\"https:\\\/\\\/www.terrae-jardins.com\\\/wp-content\\\/uploads\\\/Logo-fond-noir_PNG.png_1561363581_96184-e1567241212258.png\",\"width\":356,\"height\":353},{\"@type\":\"BreadcrumbList\",\"@id\":\"https:\\\/\\\/www.terrae-jardins.com\\\/index.php\\\/en\\\/partenaires\\\/#breadcrumb\",\"itemListElement\":[{\"@type\":\"ListItem\",\"position\":1,\"name\":\"Accueil\",\"item\":\"https:\\\/\\\/www.terrae-jardins.com\\\/\"},{\"@type\":\"ListItem\",\"position\":2,\"name\":\"Partenaires\"}]},{\"@type\":\"WebSite\",\"@id\":\"https:\\\/\\\/www.terrae-jardins.com\\\/#website\",\"url\":\"https:\\\/\\\/www.terrae-jardins.com\\\/\",\"name\":\"Terrae\",\"description\":\"Cr\u00e9ation et entretien de jardins\",\"publisher\":{\"@id\":\"https:\\\/\\\/www.terrae-jardins.com\\\/#organization\"},\"potentialAction\":[{\"@type\":\"SearchAction\",\"target\":{\"@type\":\"EntryPoint\",\"urlTemplate\":\"https:\\\/\\\/www.terrae-jardins.com\\\/?s={search_term_string}\"},\"query-input\":{\"@type\":\"PropertyValueSpecification\",\"valueRequired\":true,\"valueName\":\"search_term_string\"}}],\"inLanguage\":\"fr-FR\"},{\"@type\":\"Organization\",\"@id\":\"https:\\\/\\\/www.terrae-jardins.com\\\/#organization\",\"name\":\"Terrae\",\"url\":\"https:\\\/\\\/www.terrae-jardins.com\\\/\",\"logo\":{\"@type\":\"ImageObject\",\"inLanguage\":\"fr-FR\",\"@id\":\"https:\\\/\\\/www.terrae-jardins.com\\\/#\\\/schema\\\/logo\\\/image\\\/\",\"url\":\"https:\\\/\\\/www.terrae-jardins.com\\\/wp-content\\\/uploads\\\/2017\\\/08\\\/terrae.png\",\"contentUrl\":\"https:\\\/\\\/www.terrae-jardins.com\\\/wp-content\\\/uploads\\\/2017\\\/08\\\/terrae.png\",\"width\":189,\"height\":192,\"caption\":\"Terrae\"},\"image\":{\"@id\":\"https:\\\/\\\/www.terrae-jardins.com\\\/#\\\/schema\\\/logo\\\/image\\\/\"}}]}<\/script>\n<!-- \/ Yoast SEO plugin. -->","yoast_head_json":{"title":"Partenaires -","robots":{"index":"index","follow":"follow","max-snippet":"max-snippet:-1","max-image-preview":"max-image-preview:large","max-video-preview":"max-video-preview:-1"},"canonical":"https:\/\/www.terrae-jardins.com\/index.php\/en\/partenaires\/","og_locale":"fr_FR","og_type":"article","og_title":"Partenaires -","og_description":"\u00a0 \u00a0 Vincent Grunewald : Concepteur paysagiste \u00a0 https:\/\/www.vincent-grunewald.fr\/ info@vincent-grunewald.fr 06 13 86 95 50 \u00a0 \u00a0 \u00a0 RP Batiment : Ma\u00e7onnerie g\u00e9n\u00e9rale \u00a0 \u00a0 www.rpbatiment.com rpbatimentconstruction@gmail.com 04 90 37 19 68 \u00a0 \u00a0 \u00a0 \u00a0 Cosy bois : Charpentier \u00a0 https:\/\/www.cosybois.com\/ cosybois@gmail.com 06 24 49 70 69","og_url":"https:\/\/www.terrae-jardins.com\/index.php\/en\/partenaires\/","article_modified_time":"2019-08-31T09:10:51+00:00","og_image":[{"url":"https:\/\/www.terrae-jardins.com\/wp-content\/uploads\/Logo-fond-noir_PNG.png_1561363581_96184-e1567241212258-300x297.png","type":"","width":"","height":""}],"twitter_card":"summary_large_image","schema":{"@context":"https:\/\/schema.org","@graph":[{"@type":"WebPage","@id":"https:\/\/www.terrae-jardins.com\/index.php\/en\/partenaires\/","url":"https:\/\/www.terrae-jardins.com\/index.php\/en\/partenaires\/","name":"Partenaires -","isPartOf":{"@id":"https:\/\/www.terrae-jardins.com\/#website"},"primaryImageOfPage":{"@id":"https:\/\/www.terrae-jardins.com\/index.php\/en\/partenaires\/#primaryimage"},"image":{"@id":"https:\/\/www.terrae-jardins.com\/index.php\/en\/partenaires\/#primaryimage"},"thumbnailUrl":"https:\/\/www.terrae-jardins.com\/wp-content\/uploads\/Logo-fond-noir_PNG.png_1561363581_96184-e1567241212258-300x297.png","datePublished":"2019-08-31T09:04:24+00:00","dateModified":"2019-08-31T09:10:51+00:00","breadcrumb":{"@id":"https:\/\/www.terrae-jardins.com\/index.php\/en\/partenaires\/#breadcrumb"},"inLanguage":"fr-FR","potentialAction":[{"@type":"ReadAction","target":["https:\/\/www.terrae-jardins.com\/index.php\/en\/partenaires\/"]}]},{"@type":"ImageObject","inLanguage":"fr-FR","@id":"https:\/\/www.terrae-jardins.com\/index.php\/en\/partenaires\/#primaryimage","url":"https:\/\/www.terrae-jardins.com\/wp-content\/uploads\/Logo-fond-noir_PNG.png_1561363581_96184-e1567241212258.png","contentUrl":"https:\/\/www.terrae-jardins.com\/wp-content\/uploads\/Logo-fond-noir_PNG.png_1561363581_96184-e1567241212258.png","width":356,"height":353},{"@type":"BreadcrumbList","@id":"https:\/\/www.terrae-jardins.com\/index.php\/en\/partenaires\/#breadcrumb","itemListElement":[{"@type":"ListItem","position":1,"name":"Accueil","item":"https:\/\/www.terrae-jardins.com\/"},{"@type":"ListItem","position":2,"name":"Partenaires"}]},{"@type":"WebSite","@id":"https:\/\/www.terrae-jardins.com\/#website","url":"https:\/\/www.terrae-jardins.com\/","name":"Terrae","description":"Cr\u00e9ation et entretien de jardins","publisher":{"@id":"https:\/\/www.terrae-jardins.com\/#organization"},"potentialAction":[{"@type":"SearchAction","target":{"@type":"EntryPoint","urlTemplate":"https:\/\/www.terrae-jardins.com\/?s={search_term_string}"},"query-input":{"@type":"PropertyValueSpecification","valueRequired":true,"valueName":"search_term_string"}}],"inLanguage":"fr-FR"},{"@type":"Organization","@id":"https:\/\/www.terrae-jardins.com\/#organization","name":"Terrae","url":"https:\/\/www.terrae-jardins.com\/","logo":{"@type":"ImageObject","inLanguage":"fr-FR","@id":"https:\/\/www.terrae-jardins.com\/#\/schema\/logo\/image\/","url":"https:\/\/www.terrae-jardins.com\/wp-content\/uploads\/2017\/08\/terrae.png","contentUrl":"https:\/\/www.terrae-jardins.com\/wp-content\/uploads\/2017\/08\/terrae.png","width":189,"height":192,"caption":"Terrae"},"image":{"@id":"https:\/\/www.terrae-jardins.com\/#\/schema\/logo\/image\/"}}]}},"_links":{"self":[{"href":"https:\/\/www.terrae-jardins.com\/index.php\/wp-json\/wp\/v2\/pages\/486","targetHints":{"allow":["GET"]}}],"collection":[{"href":"https:\/\/www.terrae-jardins.com\/index.php\/wp-json\/wp\/v2\/pages"}],"about":[{"href":"https:\/\/www.terrae-jardins.com\/index.php\/wp-json\/wp\/v2\/types\/page"}],"author":[{"embeddable":true,"href":"https:\/\/www.terrae-jardins.com\/index.php\/wp-json\/wp\/v2\/users\/3"}],"replies":[{"embeddable":true,"href":"https:\/\/www.terrae-jardins.com\/index.php\/wp-json\/wp\/v2\/comments?post=486"}],"version-history":[{"count":12,"href":"https:\/\/www.terrae-jardins.com\/index.php\/wp-json\/wp\/v2\/pages\/486\/revisions"}],"predecessor-version":[{"id":515,"href":"https:\/\/www.terrae-jardins.com\/index.php\/wp-json\/wp\/v2\/pages\/486\/revisions\/515"}],"wp:attachment":[{"href":"https:\/\/www.terrae-jardins.com\/index.php\/wp-json\/wp\/v2\/media?parent=486"}],"curies":[{"name":"wp","href":"https:\/\/api.w.org\/{rel}","templated":true}]}}